{"id":446,"date":"2024-08-22T13:26:42","date_gmt":"2024-08-22T13:26:42","guid":{"rendered":"https:\/\/zahnacker-restaurant.com\/group-menus\/"},"modified":"2024-10-11T14:53:28","modified_gmt":"2024-10-11T14:53:28","slug":"group-menus","status":"publish","type":"page","link":"https:\/\/zahnacker-restaurant.com\/en\/group-menus\/","title":{"rendered":"Group menus"},"content":{"rendered":"\t\t<div data-elementor-type=\"wp-page\" data-elementor-id=\"446\" class=\"elementor elementor-446 elementor-173\" data-elementor-post-type=\"page\">\n\t\t\t\t\t\t<section class=\"elementor-section elementor-top-section elementor-element elementor-element-5ca92b0 elementor-section-full_width elementor-section-height-min-height elementor-section-items-stretch elementor-section-content-middle elementor-section-height-default\" data-id=\"5ca92b0\" data-element_type=\"section\" data-e-type=\"section\">\n\t\t\t\t\t\t<div class=\"elementor-container elementor-column-gap-default\">\n\t\t\t\t\t<div class=\"elementor-column elementor-col-100 elementor-top-column elementor-element elementor-element-0e5aee1\" data-id=\"0e5aee1\" data-element_type=\"column\" data-e-type=\"column\" data-settings=\"{&quot;background_background&quot;:&quot;classic&quot;}\">\n\t\t\t<div class=\"elementor-widget-wrap elementor-element-populated\">\n\t\t\t\t\t<div class=\"elementor-background-overlay\"><\/div>\n\t\t\t\t\t\t<div class=\"elementor-element elementor-element-6c4aa33 elementor-widget elementor-widget-heading\" data-id=\"6c4aa33\" data-element_type=\"widget\" data-e-type=\"widget\" data-widget_type=\"heading.default\">\n\t\t\t\t\t<h1 class=\"elementor-heading-title elementor-size-default\">Group menus<\/h1>\t\t\t\t<\/div>\n\t\t\t\t\t<\/div>\n\t\t<\/div>\n\t\t\t\t\t<\/div>\n\t\t<\/section>\n\t\t\t\t<section class=\"elementor-section elementor-top-section elementor-element elementor-element-242f86d elementor-section-full_width elementor-section-height-default elementor-section-height-default\" data-id=\"242f86d\" data-element_type=\"section\" data-e-type=\"section\">\n\t\t\t\t\t\t<div class=\"elementor-container elementor-column-gap-default\">\n\t\t\t\t\t<div class=\"elementor-column elementor-col-33 elementor-top-column elementor-element elementor-element-a1be742\" data-id=\"a1be742\" data-element_type=\"column\" data-e-type=\"column\">\n\t\t\t<div class=\"elementor-widget-wrap elementor-element-populated\">\n\t\t\t\t\t\t<div class=\"elementor-element elementor-element-a2730b9 elementor-widget elementor-widget-heading\" data-id=\"a2730b9\" data-element_type=\"widget\" data-e-type=\"widget\" data-widget_type=\"heading.default\">\n\t\t\t\t\t<h2 class=\"elementor-heading-title elementor-size-default\">Menu at \u20ac20<\/h2>\t\t\t\t<\/div>\n\t\t\t\t<div class=\"elementor-element elementor-element-bc55d2f elementor-widget elementor-widget-text-editor\" data-id=\"bc55d2f\" data-element_type=\"widget\" data-e-type=\"widget\" data-widget_type=\"text-editor.default\">\n\t\t\t\t\t\t\t\t\t<p>Assiette de Crudit\u00e9s<\/p>\n<p>Escalope viennoise, French fries<\/p>\n<p>Apple strudel<\/p>\n<p>&#8212;<\/p>\n<p>Drinks : \u00bc glass of wine, 1 water and 1 coffee : 9\u20ac.<\/p>\n<p>&#8212;<\/p>\n<p>30 bought for 1 offered<br \/>Free for the driver<br \/>Allergies to be indicated on reservation<\/p>\n\t\t\t\t\t\t\t\t<\/div>\n\t\t\t\t\t<\/div>\n\t\t<\/div>\n\t\t\t\t<div class=\"elementor-column elementor-col-33 elementor-top-column elementor-element elementor-element-2e0bad6\" data-id=\"2e0bad6\" data-element_type=\"column\" data-e-type=\"column\">\n\t\t\t<div class=\"elementor-widget-wrap elementor-element-populated\">\n\t\t\t\t\t\t<div class=\"elementor-element elementor-element-15b9271 elementor-widget elementor-widget-heading\" data-id=\"15b9271\" data-element_type=\"widget\" data-e-type=\"widget\" data-widget_type=\"heading.default\">\n\t\t\t\t\t<h2 class=\"elementor-heading-title elementor-size-default\">Menu at \u20ac22<\/h2>\t\t\t\t<\/div>\n\t\t\t\t<div class=\"elementor-element elementor-element-0cb85c6 elementor-widget elementor-widget-text-editor\" data-id=\"0cb85c6\" data-element_type=\"widget\" data-e-type=\"widget\" data-widget_type=\"text-editor.default\">\n\t\t\t\t\t\t\t\t\t<p>Charcuterie platter<\/p>\n<p>Fleischn\u00e4cke with broth, fried potatoes and green salad<\/p>\n<p>Dame blanche<\/p>\n<p>&#8212;<\/p>\n<p>Drinks : \u00bc glass of wine, 1 water and 1 coffee : 9\u20ac.<\/p>\n<p>&#8212;<\/p>\n<p>30 bought for 1 offered<br \/>Free for the driver<br \/>Allergies to be indicated on reservation<\/p>\n\t\t\t\t\t\t\t\t<\/div>\n\t\t\t\t\t<\/div>\n\t\t<\/div>\n\t\t\t\t<div class=\"elementor-column elementor-col-33 elementor-top-column elementor-element elementor-element-7c465b8\" data-id=\"7c465b8\" data-element_type=\"column\" data-e-type=\"column\">\n\t\t\t<div class=\"elementor-widget-wrap elementor-element-populated\">\n\t\t\t\t\t\t<div class=\"elementor-element elementor-element-83ad449 elementor-widget elementor-widget-heading\" data-id=\"83ad449\" data-element_type=\"widget\" data-e-type=\"widget\" data-widget_type=\"heading.default\">\n\t\t\t\t\t<h2 class=\"elementor-heading-title elementor-size-default\">Menu at \u20ac23<\/h2>\t\t\t\t<\/div>\n\t\t\t\t<div class=\"elementor-element elementor-element-e2521a3 elementor-widget elementor-widget-text-editor\" data-id=\"e2521a3\" data-element_type=\"widget\" data-e-type=\"widget\" data-widget_type=\"text-editor.default\">\n\t\t\t\t\t\t\t\t\t<p>Pot-au-feu broth and dumplings<\/p>\n<p>Coarse-salted beef, crudit\u00e9s and saut\u00e9ed potatoes<\/p>\n<p>Griespflutta (Alsatian semolina cake), apple-cinnamon compote<\/p>\n<p>&#8212;<\/p>\n<p>Drinks : \u00bc glass of wine, 1 water and 1 coffee : 9\u20ac.<\/p>\n<p>&#8212;<\/p>\n<p>30 bought for 1 offered<br \/>Free for the driver<br \/>Allergies to be indicated on reservation<\/p>\n\t\t\t\t\t\t\t\t<\/div>\n\t\t\t\t\t<\/div>\n\t\t<\/div>\n\t\t\t\t\t<\/div>\n\t\t<\/section>\n\t\t\t\t<section class=\"elementor-section elementor-top-section elementor-element elementor-element-0bcd892 elementor-section-full_width elementor-section-height-default elementor-section-height-default\" data-id=\"0bcd892\" data-element_type=\"section\" data-e-type=\"section\">\n\t\t\t\t\t\t<div class=\"elementor-container elementor-column-gap-default\">\n\t\t\t\t\t<div class=\"elementor-column elementor-col-33 elementor-top-column elementor-element elementor-element-d1aeab5\" data-id=\"d1aeab5\" data-element_type=\"column\" data-e-type=\"column\">\n\t\t\t<div class=\"elementor-widget-wrap elementor-element-populated\">\n\t\t\t\t\t\t<div class=\"elementor-element elementor-element-abab71b elementor-widget elementor-widget-heading\" data-id=\"abab71b\" data-element_type=\"widget\" data-e-type=\"widget\" data-widget_type=\"heading.default\">\n\t\t\t\t\t<h2 class=\"elementor-heading-title elementor-size-default\">Menu at \u20ac24<\/h2>\t\t\t\t<\/div>\n\t\t\t\t<div class=\"elementor-element elementor-element-827dd00 elementor-widget elementor-widget-text-editor\" data-id=\"827dd00\" data-element_type=\"widget\" data-e-type=\"widget\" data-widget_type=\"text-editor.default\">\n\t\t\t\t\t\t\t\t\t<p>Homemade pie<\/p>\n<p>Chicken supreme, cream sauce and spaetzle<\/p>\n<p>Home-made iced vacherin<\/p>\n<p>&#8212;<\/p>\n<p>Drinks : \u00bc glass of wine, 1 water and 1 coffee : 9\u20ac.<\/p>\n<p>&#8212;<\/p>\n<p>30 bought for 1 offered<br \/>Free for the driver<br \/>Allergies to be indicated on reservation<\/p>\n\t\t\t\t\t\t\t\t<\/div>\n\t\t\t\t\t<\/div>\n\t\t<\/div>\n\t\t\t\t<div class=\"elementor-column elementor-col-33 elementor-top-column elementor-element elementor-element-28d43ab\" data-id=\"28d43ab\" data-element_type=\"column\" data-e-type=\"column\">\n\t\t\t<div class=\"elementor-widget-wrap elementor-element-populated\">\n\t\t\t\t\t\t<div class=\"elementor-element elementor-element-29a5a1e elementor-widget elementor-widget-heading\" data-id=\"29a5a1e\" data-element_type=\"widget\" data-e-type=\"widget\" data-widget_type=\"heading.default\">\n\t\t\t\t\t<h2 class=\"elementor-heading-title elementor-size-default\">Menu at \u20ac26<\/h2>\t\t\t\t<\/div>\n\t\t\t\t<div class=\"elementor-element elementor-element-5e574f4 elementor-widget elementor-widget-text-editor\" data-id=\"5e574f4\" data-element_type=\"widget\" data-e-type=\"widget\" data-widget_type=\"text-editor.default\">\n\t\t\t\t\t\t\t\t\t<p>Onion tart<\/p>\n<p>Sauerkraut<\/p>\n<p>Sorbet with or without alcohol<\/p>\n<p>&#8212;<\/p>\n<p>Drinks : \u00bc glass of wine, 1 water and 1 coffee : 9\u20ac.<\/p>\n<p>&#8212;<\/p>\n<p>30 bought for 1 offered<br \/>Free for the driver<br \/>Allergies to be indicated on reservation<\/p>\n\t\t\t\t\t\t\t\t<\/div>\n\t\t\t\t\t<\/div>\n\t\t<\/div>\n\t\t\t\t<div class=\"elementor-column elementor-col-33 elementor-top-column elementor-element elementor-element-2a1e360\" data-id=\"2a1e360\" data-element_type=\"column\" data-e-type=\"column\">\n\t\t\t<div class=\"elementor-widget-wrap elementor-element-populated\">\n\t\t\t\t\t\t<div class=\"elementor-element elementor-element-fd80e2a elementor-widget elementor-widget-heading\" data-id=\"fd80e2a\" data-element_type=\"widget\" data-e-type=\"widget\" data-widget_type=\"heading.default\">\n\t\t\t\t\t<h2 class=\"elementor-heading-title elementor-size-default\">Menu at \u20ac26<\/h2>\t\t\t\t<\/div>\n\t\t\t\t<div class=\"elementor-element elementor-element-2e9627f elementor-widget elementor-widget-text-editor\" data-id=\"2e9627f\" data-element_type=\"widget\" data-e-type=\"widget\" data-widget_type=\"text-editor.default\">\n\t\t\t\t\t\t\t\t\t<p>Alsatian perfect egg<\/p>\n<p>Trout with almonds and steamed potatoes<\/p>\n<p>Brownie, vanilla ice cream<\/p>\n<p>&#8212;<\/p>\n<p>Drinks : \u00bc glass of wine, 1 water and 1 coffee : 9\u20ac.<\/p>\n<p>&#8212;<\/p>\n<p>30 bought for 1 offered<br \/>Free for the driver<br \/>Allergies to be indicated on reservation<\/p>\n\t\t\t\t\t\t\t\t<\/div>\n\t\t\t\t\t<\/div>\n\t\t<\/div>\n\t\t\t\t\t<\/div>\n\t\t<\/section>\n\t\t\t\t<section class=\"elementor-section elementor-top-section elementor-element elementor-element-be9872f elementor-section-full_width elementor-section-height-default elementor-section-height-default\" data-id=\"be9872f\" data-element_type=\"section\" data-e-type=\"section\">\n\t\t\t\t\t\t<div class=\"elementor-container elementor-column-gap-default\">\n\t\t\t\t\t<div class=\"elementor-column elementor-col-33 elementor-top-column elementor-element elementor-element-2cf8493\" data-id=\"2cf8493\" data-element_type=\"column\" data-e-type=\"column\">\n\t\t\t<div class=\"elementor-widget-wrap elementor-element-populated\">\n\t\t\t\t\t\t<div class=\"elementor-element elementor-element-ed3a84f elementor-widget elementor-widget-heading\" data-id=\"ed3a84f\" data-element_type=\"widget\" data-e-type=\"widget\" data-widget_type=\"heading.default\">\n\t\t\t\t\t<h2 class=\"elementor-heading-title elementor-size-default\">Menu at \u20ac28<\/h2>\t\t\t\t<\/div>\n\t\t\t\t<div class=\"elementor-element elementor-element-fafb507 elementor-widget elementor-widget-text-editor\" data-id=\"fafb507\" data-element_type=\"widget\" data-e-type=\"widget\" data-widget_type=\"text-editor.default\">\n\t\t\t\t\t\t\t\t\t<p>Gourmet Salad<\/p>\n<p>Veal medallion with foie gras sauce and gratin dauphinois<\/p>\n<p>Home-made profiteroles<\/p>\n<p>&#8212;<\/p>\n<p>Drinks : \u00bc glass of wine, 1 water and 1 coffee : 9\u20ac.<\/p>\n<p>&#8212;<\/p>\n<p>30 bought for 1 offered<br \/>Free for the driver<br \/>Allergies to be indicated on reservation<\/p>\n\t\t\t\t\t\t\t\t<\/div>\n\t\t\t\t\t<\/div>\n\t\t<\/div>\n\t\t\t\t<div class=\"elementor-column elementor-col-33 elementor-top-column elementor-element elementor-element-df4a6b9\" data-id=\"df4a6b9\" data-element_type=\"column\" data-e-type=\"column\">\n\t\t\t<div class=\"elementor-widget-wrap elementor-element-populated\">\n\t\t\t\t\t\t<div class=\"elementor-element elementor-element-cce42fd elementor-widget elementor-widget-heading\" data-id=\"cce42fd\" data-element_type=\"widget\" data-e-type=\"widget\" data-widget_type=\"heading.default\">\n\t\t\t\t\t<h2 class=\"elementor-heading-title elementor-size-default\">Menu at \u20ac30<\/h2>\t\t\t\t<\/div>\n\t\t\t\t<div class=\"elementor-element elementor-element-c78653a elementor-widget elementor-widget-text-editor\" data-id=\"c78653a\" data-element_type=\"widget\" data-e-type=\"widget\" data-widget_type=\"text-editor.default\">\n\t\t\t\t\t\t\t\t\t<p>Pike quenelle with matelote sauce<\/p>\n<p>3-fish sauerkraut<\/p>\n<p>Home-made iced nougat<\/p>\n<p>&#8212;<\/p>\n<p>Drinks : \u00bc glass of wine, 1 water and 1 coffee : 9\u20ac.<\/p>\n<p>&#8212;<\/p>\n<p>30 bought for 1 offered<br \/>Free for the driver<br \/>Allergies to be indicated on reservation<\/p>\n\t\t\t\t\t\t\t\t<\/div>\n\t\t\t\t\t<\/div>\n\t\t<\/div>\n\t\t\t\t<div class=\"elementor-column elementor-col-33 elementor-top-column elementor-element elementor-element-e2a2d5d\" data-id=\"e2a2d5d\" data-element_type=\"column\" data-e-type=\"column\">\n\t\t\t<div class=\"elementor-widget-wrap elementor-element-populated\">\n\t\t\t\t\t\t<div class=\"elementor-element elementor-element-25d8080 elementor-widget elementor-widget-heading\" data-id=\"25d8080\" data-element_type=\"widget\" data-e-type=\"widget\" data-widget_type=\"heading.default\">\n\t\t\t\t\t<h2 class=\"elementor-heading-title elementor-size-default\">Menu at \u20ac30<\/h2>\t\t\t\t<\/div>\n\t\t\t\t<div class=\"elementor-element elementor-element-c2d1d60 elementor-widget elementor-widget-text-editor\" data-id=\"c2d1d60\" data-element_type=\"widget\" data-e-type=\"widget\" data-widget_type=\"text-editor.default\">\n\t\t\t\t\t\t\t\t\t<p>Fried Munster cheese salad<\/p>\n<p>Home-made bouch\u00e9e \u00e0 la reine, k\u00e4sknepfle<\/p>\n<p>In-house black drill<\/p>\n<p>&#8212;<\/p>\n<p>Drinks : \u00bc glass of wine, 1 water and 1 coffee : 9\u20ac.<\/p>\n<p>&#8212;<\/p>\n<p>30 bought for 1 offered<br \/>Free for the driver<br \/>Allergies to be indicated on reservation<\/p>\n\t\t\t\t\t\t\t\t<\/div>\n\t\t\t\t\t<\/div>\n\t\t<\/div>\n\t\t\t\t\t<\/div>\n\t\t<\/section>\n\t\t\t\t<section class=\"elementor-section elementor-top-section elementor-element elementor-element-2e05143 elementor-section-full_width elementor-section-height-min-height elementor-section-items-stretch elementor-section-content-middle elementor-section-height-default\" data-id=\"2e05143\" data-element_type=\"section\" data-e-type=\"section\">\n\t\t\t\t\t\t<div class=\"elementor-container elementor-column-gap-default\">\n\t\t\t\t\t<div class=\"elementor-column elementor-col-100 elementor-top-column elementor-element elementor-element-8a41a7f\" data-id=\"8a41a7f\" data-element_type=\"column\" data-e-type=\"column\" data-settings=\"{&quot;background_background&quot;:&quot;classic&quot;}\">\n\t\t\t<div class=\"elementor-widget-wrap elementor-element-populated\">\n\t\t\t\t\t<div class=\"elementor-background-overlay\"><\/div>\n\t\t\t\t\t\t<div class=\"elementor-element elementor-element-634f563 elementor-widget elementor-widget-heading\" data-id=\"634f563\" data-element_type=\"widget\" data-e-type=\"widget\" data-widget_type=\"heading.default\">\n\t\t\t\t\t<h3 class=\"elementor-heading-title elementor-size-default\">Book by phone<\/h3>\t\t\t\t<\/div>\n\t\t\t\t<div class=\"elementor-element elementor-element-3cac08a elementor-align-center elementor-widget elementor-widget-button\" data-id=\"3cac08a\" data-element_type=\"widget\" data-e-type=\"widget\" data-widget_type=\"button.default\">\n\t\t\t\t\t\t\t\t\t\t<a class=\"elementor-button elementor-button-link elementor-size-sm\" href=\"tel:+33389736077\">\n\t\t\t\t\t\t<span class=\"elementor-button-content-wrapper\">\n\t\t\t\t\t\t<span class=\"elementor-button-icon\">\n\t\t\t\t<svg aria-hidden=\"true\" class=\"e-font-icon-svg e-fas-phone-alt\" viewBox=\"0 0 512 512\" xmlns=\"http:\/\/www.w3.org\/2000\/svg\"><path d=\"M497.39 361.8l-112-48a24 24 0 0 0-28 6.9l-49.6 60.6A370.66 370.66 0 0 1 130.6 204.11l60.6-49.6a23.94 23.94 0 0 0 6.9-28l-48-112A24.16 24.16 0 0 0 122.6.61l-104 24A24 24 0 0 0 0 48c0 256.5 207.9 464 464 464a24 24 0 0 0 23.4-18.6l24-104a24.29 24.29 0 0 0-14.01-27.6z\"><\/path><\/svg>\t\t\t<\/span>\n\t\t\t\t\t\t\t\t\t<span class=\"elementor-button-text\">03 89 73 60 77<\/span>\n\t\t\t\t\t<\/span>\n\t\t\t\t\t<\/a>\n\t\t\t\t\t\t\t\t<\/div>\n\t\t\t\t\t<\/div>\n\t\t<\/div>\n\t\t\t\t\t<\/div>\n\t\t<\/section>\n\t\t\t\t<section class=\"elementor-section elementor-top-section elementor-element elementor-element-df948c7 elementor-section-full_width elementor-section-height-default elementor-section-height-default\" data-id=\"df948c7\" data-element_type=\"section\" data-e-type=\"section\">\n\t\t\t\t\t\t<div class=\"elementor-container elementor-column-gap-default\">\n\t\t\t\t\t<div class=\"elementor-column elementor-col-50 elementor-top-column elementor-element elementor-element-98c7b70\" data-id=\"98c7b70\" data-element_type=\"column\" data-e-type=\"column\">\n\t\t\t<div class=\"elementor-widget-wrap elementor-element-populated\">\n\t\t\t\t\t\t<div class=\"elementor-element elementor-element-3c87559 elementor-widget elementor-widget-image\" data-id=\"3c87559\" data-element_type=\"widget\" data-e-type=\"widget\" data-widget_type=\"image.default\">\n\t\t\t\t\t\t\t\t\t\t\t\t\t\t\t<img fetchpriority=\"high\" decoding=\"async\" width=\"667\" height=\"1000\" src=\"https:\/\/zahnacker-restaurant.com\/wp-content\/uploads\/2024\/08\/9J1A3270.jpg\" class=\"attachment-1536x1536 size-1536x1536 wp-image-34\" alt=\"\" srcset=\"https:\/\/zahnacker-restaurant.com\/wp-content\/uploads\/2024\/08\/9J1A3270.jpg 667w, https:\/\/zahnacker-restaurant.com\/wp-content\/uploads\/2024\/08\/9J1A3270-200x300.jpg 200w\" sizes=\"(max-width: 667px) 100vw, 667px\" \/>\t\t\t\t\t\t\t\t\t\t\t\t\t\t\t<\/div>\n\t\t\t\t\t<\/div>\n\t\t<\/div>\n\t\t\t\t<div class=\"elementor-column elementor-col-50 elementor-top-column elementor-element elementor-element-45c8b46\" data-id=\"45c8b46\" data-element_type=\"column\" data-e-type=\"column\">\n\t\t\t<div class=\"elementor-widget-wrap elementor-element-populated\">\n\t\t\t\t\t\t<div class=\"elementor-element elementor-element-7ea03ba elementor-widget elementor-widget-image\" data-id=\"7ea03ba\" data-element_type=\"widget\" data-e-type=\"widget\" data-widget_type=\"image.default\">\n\t\t\t\t\t\t\t\t\t\t\t\t\t\t\t<img decoding=\"async\" width=\"1025\" height=\"1536\" src=\"https:\/\/zahnacker-restaurant.com\/wp-content\/uploads\/2024\/08\/240805_Au-Zahnacker7247Lucas-MULLER-Lukam-1025x1536.jpg\" class=\"attachment-1536x1536 size-1536x1536 wp-image-42\" alt=\"\" srcset=\"https:\/\/zahnacker-restaurant.com\/wp-content\/uploads\/2024\/08\/240805_Au-Zahnacker7247Lucas-MULLER-Lukam-1025x1536.jpg 1025w, https:\/\/zahnacker-restaurant.com\/wp-content\/uploads\/2024\/08\/240805_Au-Zahnacker7247Lucas-MULLER-Lukam-200x300.jpg 200w, https:\/\/zahnacker-restaurant.com\/wp-content\/uploads\/2024\/08\/240805_Au-Zahnacker7247Lucas-MULLER-Lukam-683x1024.jpg 683w, https:\/\/zahnacker-restaurant.com\/wp-content\/uploads\/2024\/08\/240805_Au-Zahnacker7247Lucas-MULLER-Lukam-768x1151.jpg 768w, https:\/\/zahnacker-restaurant.com\/wp-content\/uploads\/2024\/08\/240805_Au-Zahnacker7247Lucas-MULLER-Lukam-1366x2048.jpg 1366w, https:\/\/zahnacker-restaurant.com\/wp-content\/uploads\/2024\/08\/240805_Au-Zahnacker7247Lucas-MULLER-Lukam-scaled.jpg 1708w\" sizes=\"(max-width: 1025px) 100vw, 1025px\" \/>\t\t\t\t\t\t\t\t\t\t\t\t\t\t\t<\/div>\n\t\t\t\t\t<\/div>\n\t\t<\/div>\n\t\t\t\t\t<\/div>\n\t\t<\/section>\n\t\t\t\t<\/div>\n\t\t","protected":false},"excerpt":{"rendered":"<p>Group menus Menu at \u20ac20 Assiette de Crudit\u00e9s Escalope viennoise, French fries Apple strudel &#8212; Drinks : \u00bc glass of wine, 1 water and 1 coffee : 9\u20ac. &#8212; 30 bought for 1 offeredFree for the driverAllergies to be indicated on reservation Menu at \u20ac22 Charcuterie platter Fleischn\u00e4cke with broth, fried potatoes and green salad [&hellip;]<\/p>\n","protected":false},"author":2,"featured_media":0,"parent":0,"menu_order":0,"comment_status":"closed","ping_status":"closed","template":"","meta":{"_acf_changed":false,"footnotes":""},"coauthors":[],"class_list":["post-446","page","type-page","status-publish","hentry"],"acf":[],"_links":{"self":[{"href":"https:\/\/zahnacker-restaurant.com\/en\/wp-json\/wp\/v2\/pages\/446","targetHints":{"allow":["GET"]}}],"collection":[{"href":"https:\/\/zahnacker-restaurant.com\/en\/wp-json\/wp\/v2\/pages"}],"about":[{"href":"https:\/\/zahnacker-restaurant.com\/en\/wp-json\/wp\/v2\/types\/page"}],"author":[{"embeddable":true,"href":"https:\/\/zahnacker-restaurant.com\/en\/wp-json\/wp\/v2\/users\/2"}],"replies":[{"embeddable":true,"href":"https:\/\/zahnacker-restaurant.com\/en\/wp-json\/wp\/v2\/comments?post=446"}],"version-history":[{"count":1,"href":"https:\/\/zahnacker-restaurant.com\/en\/wp-json\/wp\/v2\/pages\/446\/revisions"}],"predecessor-version":[{"id":448,"href":"https:\/\/zahnacker-restaurant.com\/en\/wp-json\/wp\/v2\/pages\/446\/revisions\/448"}],"wp:attachment":[{"href":"https:\/\/zahnacker-restaurant.com\/en\/wp-json\/wp\/v2\/media?parent=446"}],"wp:term":[{"taxonomy":"author","embeddable":true,"href":"https:\/\/zahnacker-restaurant.com\/en\/wp-json\/wp\/v2\/coauthors?post=446"}],"curies":[{"name":"wp","href":"https:\/\/api.w.org\/{rel}","templated":true}]}}